{"id":23,"date":"2024-04-26T07:14:38","date_gmt":"2024-04-26T07:14:38","guid":{"rendered":"https:\/\/prof.uoradea.ro\/ioanapopcohut\/?page_id=23"},"modified":"2024-04-26T10:17:30","modified_gmt":"2024-04-26T10:17:30","slug":"projects","status":"publish","type":"page","link":"https:\/\/prof.uoradea.ro\/ioanapopcohut\/projects\/","title":{"rendered":"Projects &#8211; Research Activity"},"content":{"rendered":"\n<figure class=\"wp-block-table is-style-stripes\"><table class=\"has-subtle-pale-blue-background-color has-background\"><tbody><tr><td><a>Year<\/a><\/td><td><strong>Project title &#8211; Role \u2013 Funder \u2013 Budget \u2013 link to project webpage<\/strong><\/td><\/tr><tr><td>2024-2026<\/td><td>Project: <em>Digital Innovation Hub for a Smarter, Safer and more Sustainable Society (DIH4Society)<\/em>, <strong><em>Digital Business Expert<\/em><\/strong>, SMIS 161824 &#8211; POCIDIF\/1147\/2\/1\/Ac\u021biunea 2.4 EDIH; DEP: 101083952, DIH4Society-DIGITAL-2021-EDIH-INITIAL-01, Beneficiary: Cluj IT Association, Cluj-Napoca Technical University, Bistrita N\u0103s\u0103ud Chamber of Commerce and Industry, University of Oradea. <a href=\"https:\/\/dih4society.ro\/\">https:\/\/dih4society.ro\/<\/a>&nbsp;<\/td><\/tr><tr><td>2023<\/td><td>Project: <em>Establishment of Bihor scientific and technological park<\/em>, <strong><em>Expert platforms, networks and online marketing tools &#8211; business support,<\/em><\/strong> SMIS Code 2014+: 128043, Regional Operational Program 2014-2020; Priority axis 1 &#8211; Promotion of technological transfer; POR\/2018\/1\/1.1.B.\/1 Beneficiary: Bihor County, Oradea University, Oradea Local Development Agency and Bihor Scientific and Technological Park SRL. 2023 <a href=\"http:\/\/tt.uoradea.ro\">http:\/\/tt.uoradea.ro<\/a><\/td><\/tr><tr><td>2022-2025<\/td><td>Project: <em>Implementation of digital technologies in the University of Oradea (DigitalUO)<\/em>, <strong><em>Information and advertising expert<\/em><\/strong>, National Recovery and Resilience Plan (PNRR) &#8211; Grants for the digitization of universities, Component 15 &#8211; Education, Reform 5 &#8211; Adoption of the legislative framework for digitization of education, Contract no. 14.068\/19.09.2022. &nbsp;<a href=\"https:\/\/www.uoradea.ro\/Proiecte+Universitatea+din+Oradea\">https:\/\/www.uoradea.ro\/Proiecte+Universitatea+din+Oradea<\/a><\/td><\/tr><tr><td>2021-2022<\/td><td>Project: <em>e-UORADEA-ACCESS FOR ALL<\/em>, <strong><em>Responsible for information and publicity<\/em><\/strong>, Project code: 146061, COMPETITIVENESS OPERATIONAL PROGRAM, Component 1 Action 2.3.3. call 2, Priority Axis: Information and Communications Technology (ICT) for a competitive digital economy, Beneficiary: University from Oradea, Implementation period: 28.07.2021 \u2013 27.06.2022, Total Value: 1,991,373.29 lei. <a href=\"https:\/\/www.uoradea.ro\/Proiecte+Universitatea+din+Oradea\">https:\/\/www.uoradea.ro\/Proiecte+Universitatea+din+Oradea<\/a><\/td><\/tr><tr><td>2019-2023<\/td><td>Project: <em>SMART CAMPUS I &#8211; UNIVERSITY OF ORADEA<\/em>, <strong><em>Responsible for visibility, equal opportunities and non-discrimination<\/em><\/strong>, SMIS code: 119836, Regional Operational Program, Priority axis: 10 &#8222;Improving the educational infrastructure&#8221;, Component 1 POR\/2017\/10.3\/1\/7 regions, SMIS Code: 119836, Beneficiary: University of Oradea, Implementation period: 18.02.2019 \u2013 29.10.2021, <a href=\"https:\/\/www.uoradea.ro\/Proiecte+Universitatea+din+Oradea\">https:\/\/www.uoradea.ro\/Proiecte+Universitatea+din+Oradea<\/a><\/td><\/tr><tr><td>2019-2021<\/td><td>Project: <em>Entrepreneur for the future<\/em>, <strong><em>Responsible for selection and monitoring of the target group, <\/em><\/strong>Beneficiary: University of Oradea, Partner: Corporactive Consulting SRL; MySMIS project code: 124167; Call code: POCU \/ 379\/6\/21 \/ OS composite operation. 6.7, 6.9, 6.10; Component 1: 379 Student Entrepreneur Scholarship &#8211; Active measure to increase the participation of students from vulnerable categories in undergraduate study programs &#8211; Less developed regions. Total value: 7,282,442.22 lei, Implementation period: 24.05.2019 &#8211; 26.06.2021; Web: <a href=\"https:\/\/antrev.uoradea.ro\/ro\/\">https:\/\/antrev.uoradea.ro\/ro\/<\/a><\/td><\/tr><tr><td>2010-2013<\/td><td>Project:<em> Practice for students in Economics. Interregional labor market partnership between universities and business environmen<\/em>t (PRACTeam), <strong><em>Director promotion, communication and image<\/em><\/strong>, ID: 64150, financed through the Sectorial Operational Programme Human Resources Development &#8211; POSDRU 2007-2013, Priority Axis 2 \u201e<em>Linking lifelong learning and labor market<\/em>\u201d, Major Field of Intervention 2.1. &#8211; \u201e<em>Transition from school to active life<\/em>\u201d, Nr.ref. (CCI): 2007RO051PO001, Contract: POSDRU\/90\/2.1\/S\/64150, Coordinator: University of Oradea, Faculty of Economic Sciences; Partners: West University of Timi\u015foara \u2013 Faculty of Economics and Business Administration; \u201c\u015etefan cel Mare\u201d University Suceava \u2013 Faculty of Economic and Administrative Sciences; Total value: 20.941.500 lei; Implementation period: 01.10.2010-30.09.2013; Web: <a href=\"http:\/\/www.practeam.ro\">www.practeam.ro<\/a>, <a href=\"https:\/\/www.facebook.com\/practeam.ro\/\">PRACTeam | Oradea | Facebook<\/a><\/td><\/tr><tr><td>2011-2012<\/td><td>Project: <em>Specialized training and promoting the use of new technologies to increase the adaptability and mobility of employees and managers of SMEs from WEST and NORTH-WEST Regions<\/em>, <strong><em>Training expert in Project<\/em><\/strong>, financed through the Sectorial Operational Programme Human Resources Development &#8211; POSDRU 2007-2013, Priority Axis 3 \u201e Correlation of adapting workers and enterprises&#8221;; Major Field of Intervention 3.2 \u201eTraining and support for enterprises and employees to promote adaptability\u201d; Contract: POSDRU\/81\/3.2\/S\/59730; project coordinator: Chamber of Commerce, Industry nd Agriculture Timi\u015f; Partners: West University of Timi\u015foara &#8211; Faculty of Economics and Business Administration, University of Oradea &#8211; Faculty of Economic Sciences, SIVECO Romania SA, Bucure\u015fti; Total value: 5.329.685 lei; Implementation period: 01.01.2011 \u2013 31.12.2012<\/td><\/tr><tr><td>2011-2012<\/td><td>Project: <em>Establishment of R+D programmes in the field of new public management between economic faculties of higher education in Hajdu-Bihar and Bihor Counties,<\/em> <strong><em>Research expert in Project<\/em> <\/strong>co-financed through theEuropean Regional Developmet Fund, Hungary-Romania Cross-Border Co-operation Programme 2007-2013; Contract: HURO\/0901\/277\/2.2.2; Coordinator: University of Debrecen (Debreceni Egyetem), Faculty of Economics and Business Administration; Partener: University of Oradea, Faculty of Economic Sciences; Total value: 80.818 euro; Implementation period: 01.03.2011 \u2013 29.02.2012.<\/td><\/tr><tr><td>2009-2010<\/td><td>Project:<em> The Entrepreneurship and the Equality of Chances. An Inter-Regional Model of Entrepreneurial School for Women (AntrES), <strong>Director promotion, communication and image<\/strong>, <\/em>financed through the Sectorial Operational Programme Human Resources Development &#8211; POSDRU 2007-2013, \u201cBe enterprising!\u201d, Priority Axis 3 \u201cThe Increase of the Adaptability of Workers and Enterprises\u201d, Major Field of Intervention 3.1 <strong>\u201cThe promotion of the entrepreneurial culture\u201d; <\/strong>Nr. ref. 2007RO051PO001; project coordinator: University of Oradea, Faculty of Economics; Partners in the project: The National Agency for Equal Chances between Women and Men (ANES)- P1; West University of Timi\u015foara (UVT) \u2013 P2; \u201cAurel Vlaicu\u201d University Arad &#8211; P3; North University of Baia Mare \u2013 P4; \u201cEftimie Murgu\u201d University Re\u015fi\u0163a \u2013 P5; \u201cCommercial Academy\u201d Foundation Satu Mare \u2013 P6; Scientific Society of Management Romania (SSMAR) \u2013 P7; Total value:&nbsp; 12.009.942,00 lei, Implementation period: 01.01.2009-31.12.2010.<\/td><\/tr><tr><td>2008-2009<\/td><td>Project:<strong><em> <\/em><\/strong><em>The Economists Cooperation for the Development of Bihor Hajdu Bihar Euro-region<\/em>, <strong><em>Assistant manager, <\/em><\/strong>won in April 2008 and financed through the Programme PHARE CBC 2006\/ INTERREG IIIA Romania \u2013 Hungary, Priority Nr. 2<strong>, <\/strong>Measure 2.3: The encouragement of the cooperation between institutions and communities (\u201cpeople to people\u201d type projects, financed from the Small Projects Fund), Budget Line: RO-2006\/018-448.01.01, Nr.ref. RO-2006\/018-448.01.01\u201363-2.3; project coordinator: AGER \u2013 Bihor branch; partners and associates in the project:&nbsp; Magyar K\u00f6zgazd\u00e1sz T\u00e1rsas\u00e1g (Hungarian Economists Association &#8211; HEA); North Great Plain Regional Development Agency (NGPRDA), Debrecen, Hungary; Bihor County Council (CJB); Foundation of Bihor-Hajd\u00fa-Bihar Euro-region; Project worth of (including the amount of money financed through the Phare CBC Programme): Total value: 26,900.00 Euro, Implementation period: 01.01-30.06.2009.<\/td><\/tr><tr><td>2008-2009<\/td><td>Project: <em>Center for training and improvement in the field of human resources management (CFP &#8211; HRU)<\/em>, <strong><em>Implementation Director<\/em><\/strong>, Funded by PHARE 2006;<br>Contract: Phare\/2006\/018-147.04.02, Beneficiary: University of Oradea, Faculty of Economic Sciences; Partners: Scientific Management Society from Romania; The General Association of Economists from Romania &#8211; Bihor branch; Total project value: 110,494 Euros, Implementation period: 2.12.2008 \u2013 30.11. 2009; Web: http:\/\/cfp-mru.steconomiceuoradea.ro\/<\/td><\/tr><tr><td>2008-2008<\/td><td>Project:<em> The Development and Integrated Promotion of Common Thematic Tourist Packages in Bihor \u2013 Hajdu Bihar Euro-region, <strong>Expert<\/strong>, <strong>Expert<\/strong>, <\/em>Contract PHARE CBC 2006\/018-446.01.01.01.01.15, Project coordinator: University of Oradea, Faculty of Economics, Partners: Bihor County Council, The Self-Government of Hajdu-Bihar County, The Chamber of Commerce and Industry of Bihor County, The General Association of Economists, Romania \u2013 Bihor branch, Foundation of Bihor \u2013 Hajdu-Bihar Euro-region (associate), Total value: 85,841.60 Euro, Implementation period: 16.08.2008 \u2013 16.08.2009.<\/td><\/tr><tr><td>2007-2008<\/td><td>Project: <em>The Support of the Integration of the SMEs with Export-Import Activity of Bihor County in the European Single Market by Developing Dome Trans-Border Services<\/em>, <strong><em>Assistant manager<\/em><\/strong>, PHARE CBC 2005\/ INTERREG IIIA, 2007 Contract: RO 2005\/017-536.01.01.01.20, Total value: 159,000 Euro, Implementation period: 1.09.2007 \u2013 30.11.2008<\/td><\/tr><tr><td>2007-2008<\/td><td>Project: <em>eWork today &#8211; training program for the adaptation\/orientation of the active labor force to the requirements of the informational society<\/em>, <strong><em>Scienific director<\/em><\/strong>, Phare 2005, Economic and Social Cohesion, Active Measures of Employment: Contract: 017-553.04.02.01.01.612, Total value: 118,080 Euro, Implementation period: 03. 01 \u2013 31. 12 2008.<\/td><\/tr><tr><td>2006-2008<\/td><td>Project: T<em>he perception and evolution of ethical business values among students from the Faculties of Economic Sciences (Ethical business culture formation)<\/em>, <strong><em>Member of the project team<\/em><\/strong>, CNCSIS Grant, Theme no. 5, code 543; Contract: no. 5662\/June 2, 2006, Beneficiary: West University of Timisoara, Partner: University of Oradea, Faculty of Economic Sciences; Project manager: Prof. Dr. Gheorghe Ionescu, mTotal value: 36,015.50 RON, Implementation period: 2006 \u2013 2008;<\/td><\/tr><tr><td>2002-2004<\/td><td>Project: &#8222;<em>Romanian &#8211; European eUniversity &#8211; RE2U<\/em>&#8222;, SOCRATES &#8211; MINERVA, <strong><em>Researcher for Romania<\/em><\/strong>, Contract: 100693-CP-01-2002-1-RO-MINERVA-M Beneficiary: Polytechnic University of Bucharest &#8211; Romania Partners: Universitat Oberta de Catalunya &#8211; Spain, Lambrakis Research Foundation &#8211; Greece, FIM &#8211; Psychologie Universitat &#8211; Germany, Abo Akademi &#8211; Finland, Transilvania University of Bra\u015fov &#8211; Romania, University of West Timisoara &#8211; Romania, University of Oradea &#8211; Romania, Romanian Learning Network &#8211; Romania, Total value: 19,500 Euros, Implementation period: 2002 \u2013 2004.<br>Web: http:\/\/www.elearning-forum.ro\/evenimente\/Romanian-eUniversity.html<\/td><\/tr><tr><td><\/td><td><\/td><\/tr><\/tbody><\/table><\/figure>\n","protected":false},"excerpt":{"rendered":"<p>Year Project title &#8211; Role \u2013 Funder \u2013 Budget \u2013 link to project webpage 2024-2026 Project: Digital Innovation Hub for a Smarter, Safer and more Sustainable Society (DIH4Society), Digital Business Expert, SMIS 161824 &#8211; POCIDIF\/1147\/2\/1\/Ac\u021biunea 2.4 EDIH; DEP: 101083952, DIH4Society-DIGITAL-2021-EDIH-INITIAL-01, Beneficiary: Cluj IT Association, Cluj-Napoca Technical University, Bistrita N\u0103s\u0103ud Chamber of Commerce and Industry, University [&hellip;]<\/p>\n","protected":false},"author":62,"featured_media":0,"parent":0,"menu_order":0,"comment_status":"closed","ping_status":"closed","template":"","meta":[],"_links":{"self":[{"href":"https:\/\/prof.uoradea.ro\/ioanapopcohut\/wp-json\/wp\/v2\/pages\/23"}],"collection":[{"href":"https:\/\/prof.uoradea.ro\/ioanapopcohut\/wp-json\/wp\/v2\/pages"}],"about":[{"href":"https:\/\/prof.uoradea.ro\/ioanapopcohut\/wp-json\/wp\/v2\/types\/page"}],"author":[{"embeddable":true,"href":"https:\/\/prof.uoradea.ro\/ioanapopcohut\/wp-json\/wp\/v2\/users\/62"}],"replies":[{"embeddable":true,"href":"https:\/\/prof.uoradea.ro\/ioanapopcohut\/wp-json\/wp\/v2\/comments?post=23"}],"version-history":[{"count":6,"href":"https:\/\/prof.uoradea.ro\/ioanapopcohut\/wp-json\/wp\/v2\/pages\/23\/revisions"}],"predecessor-version":[{"id":92,"href":"https:\/\/prof.uoradea.ro\/ioanapopcohut\/wp-json\/wp\/v2\/pages\/23\/revisions\/92"}],"wp:attachment":[{"href":"https:\/\/prof.uoradea.ro\/ioanapopcohut\/wp-json\/wp\/v2\/media?parent=23"}],"curies":[{"name":"wp","href":"https:\/\/api.w.org\/{rel}","templated":true}]}}