{"id":38,"date":"2018-10-10T06:13:40","date_gmt":"2018-10-10T06:13:40","guid":{"rendered":"https:\/\/prof.uoradea.ro\/ibuciu\/?page_id=38"},"modified":"2023-03-21T18:49:39","modified_gmt":"2023-03-21T18:49:39","slug":"projects","status":"publish","type":"page","link":"https:\/\/prof.uoradea.ro\/ibuciu\/projects\/","title":{"rendered":"Projects"},"content":{"rendered":"<p><strong>International Projects<\/strong> &#8211; Project Member for:<\/p>\n<ol>\n<li><b><a href=\"http:\/\/www.muhci.org\">MUltimodal Human Computer Interaction (MUHCI) (2000 \u2013 2004) <\/a><\/b><\/li>\n<li><b><a href=\"http:\/\/www.similar.cc\"> The European research taskforce creating human-machine interfaces SIMILAR to human-human communication (SIMILAR), FP6-507609, (2004 \u2013 2006)<\/a><\/b><\/li>\n<li>Levy distributions for the study of predictability indicators with impact on regional development (LEDIRE), HURO\/1001\/293\/2.2.3 (2011 &#8211; 2012).<\/li>\n<li>Joint development and implementation of an advanced training program in neurosciences, HURO\/1001\/295\/2.3.1 (2012 &#8211; 2013).<\/li>\n<\/ol>\n<p><strong>Domestic Projects<\/strong> &#8211; Project Member for:<\/p>\n<ol>\n<li>Approaches for Computer Tomography Images Processing using Cellular Neural Networks Technology and Integration in Assisted Diagnosis &#8211; PN II ID-668\/2008 &#8211; Grant Nr. 645\/19.01.2009 (2009 &#8211; 2012).<\/li>\n<li>Tehnici de Analiza, Modelare si Simulare pentru Imagistica, Bioinformatica si Sisteme Complexe \u2013 POSDRU\/86\/1.2\/S\/61756 (2010 &#8211; 2013).<\/li>\n<\/ol>\n<p><strong>Domestic Projects<\/strong> &#8211; Project Manager for:<\/p>\n<ol>\n<li style=\"list-style-type: none\">\n<ol>\n<li>Software application for adaptive and automatic measurements and time-evolution of tumours in CT images: <b><a href=\"https:\/\/prof.uoradea.ro\/ibuciu\/SAMACT_Eng\"> Link to the Project English Version. <\/a><\/b>Aplica\u021bie software pentru efectuarea automat\u0103 \u0219i adaptiv\u0103 a unor m\u0103sur\u0103tori \u0219i a evolu\u021biei \u00een timp a tumorilor din imagini CT) &#8211; PN III No. 239CI (2018) <b><a href=\"https:\/\/prof.uoradea.ro\/ibuciu\/SAMACT\"> Link la Proiect Versiune Romana <\/a><\/b>.<\/li>\n<li>Sistem de urm\u0103rire a privirii pentru m\u0103surarea acuit\u0103\u021bii vizuale \u0219i a timpului de reac\u021bie pentru persoanele cu deficien\u021be de vedere &#8211; contrat Nr. 316 \/ 21.12.2021<\/li>\n<li>Software pentru determinarea automat\u0103 a concentra\u021biilor de pigmen\u021bi necesari pentru ob\u021binerea unei culori impuse, cu aplica\u021bii \u00een industrie &#8211; contract nr.\u00a0 16\/ 17.12.2021 &#8211; <a href=\"https:\/\/prof.uoradea.ro\/ibuciu\/color\/\"><b>Link la Proiect Versiune Romana<\/b><\/a><\/li>\n<li>Sistem interactiv de imagistica medicala pentru depistarea si masurarea nodulilor pulmonari, inclusiv a zeonelor afectate de COVID din imagini CT\u00a0&#8211; <a href=\"https:\/\/prof.uoradea.ro\/ibuciu\/SIMEP\/\"><b>Link la Proiect Versiune Romana<\/b><\/a><\/li>\n<\/ol>\n<\/li>\n<\/ol>\n\n\n<p><\/p>\n","protected":false},"excerpt":{"rendered":"<p>International Projects &#8211; Project Member for: MUltimodal Human Computer Interaction (MUHCI) (2000 \u2013 2004) The European research taskforce creating human-machine interfaces SIMILAR to human-human communication (SIMILAR), FP6-507609, (2004 \u2013 2006) Levy distributions for the study of predictability indicators with impact on regional development (LEDIRE), HURO\/1001\/293\/2.2.3 (2011 &#8211; 2012). Joint development and implementation of an advanced &hellip; <\/p>\n<p class=\"link-more\"><a href=\"https:\/\/prof.uoradea.ro\/ibuciu\/projects\/\" class=\"more-link\">Continue reading<span class=\"screen-reader-text\"> &#8220;Projects&#8221;<\/span><\/a><\/p>\n","protected":false},"author":21,"featured_media":0,"parent":0,"menu_order":0,"comment_status":"closed","ping_status":"closed","template":"","meta":[],"_links":{"self":[{"href":"https:\/\/prof.uoradea.ro\/ibuciu\/wp-json\/wp\/v2\/pages\/38"}],"collection":[{"href":"https:\/\/prof.uoradea.ro\/ibuciu\/wp-json\/wp\/v2\/pages"}],"about":[{"href":"https:\/\/prof.uoradea.ro\/ibuciu\/wp-json\/wp\/v2\/types\/page"}],"author":[{"embeddable":true,"href":"https:\/\/prof.uoradea.ro\/ibuciu\/wp-json\/wp\/v2\/users\/21"}],"replies":[{"embeddable":true,"href":"https:\/\/prof.uoradea.ro\/ibuciu\/wp-json\/wp\/v2\/comments?post=38"}],"version-history":[{"count":24,"href":"https:\/\/prof.uoradea.ro\/ibuciu\/wp-json\/wp\/v2\/pages\/38\/revisions"}],"predecessor-version":[{"id":272,"href":"https:\/\/prof.uoradea.ro\/ibuciu\/wp-json\/wp\/v2\/pages\/38\/revisions\/272"}],"wp:attachment":[{"href":"https:\/\/prof.uoradea.ro\/ibuciu\/wp-json\/wp\/v2\/media?parent=38"}],"curies":[{"name":"wp","href":"https:\/\/api.w.org\/{rel}","templated":true}]}}