{"id":127,"date":"2018-11-12T12:03:10","date_gmt":"2018-11-12T12:03:10","guid":{"rendered":"https:\/\/prof.uoradea.ro\/ibuciu\/?page_id=127"},"modified":"2018-12-19T15:59:30","modified_gmt":"2018-12-19T15:59:30","slug":"samact","status":"publish","type":"page","link":"https:\/\/prof.uoradea.ro\/ibuciu\/samact\/","title":{"rendered":"SAMACT"},"content":{"rendered":"<p><strong><em>SAMACT<\/em><\/strong><em> &#8211; Aplica\u021bie software pentru efectuarea automat\u0103 \u0219i adaptiv\u0103 a unor m\u0103sur\u0103tori \u0219i a evolu\u021biei \u00een timp a tumorilor din imagini CT<\/em><\/p>\n<p><strong>PNCDI III<\/strong> &#8211; Programul 2<br \/>\nSubprogramul 2.1 \u2013 Cecuri de Inovare (CI-2017)<\/p>\n<p><strong>Cod proiect<\/strong>: PN-III-P2-2.1-CI-2018-1389<br \/>\n<strong>Domeniu de \u00eencadrare<\/strong>: 5 S\u0103n\u0103tate<br \/>\n<strong>Subdomeniu<\/strong>: 5.1 S\u0103n\u0103tate<\/p>\n<p><strong>Perioada de derulare<\/strong>: 16\/07\/2018 &#8211; 28\/12\/2018<\/p>\n<p><strong>Contractor Beneficiar<\/strong>: Centru de Radioimagistic\u0103 Telescan (Responsabil &#8211; Director Medical Sorin Mo\u021boi)<\/p>\n<p><strong>Contractor Furnizor de Servicii<\/strong>: Universitatea din Oradea &#8211; (Responsabil &#8211; Conf.dr. ing. Ioan Buciu)<\/p>\n<p><strong>Autoritatea Contractant\u0103<\/strong>: Unitatea Executiv\u0103 pentru Finan\u021barea \u00cenv\u0103\u021b\u0103m\u00e2ntului Superior, a Cercet\u0103rii, Dezvolt\u0103rii \u0219i Inov\u0103rii<\/p>\n<p><strong>Descriere<\/strong> &#8211; Proiectul are ca scop dezvoltarea unei aplica\u021bii software de asistare a diagnozei medicale \u0219i\/sau urm\u0103rire a tratamentului, bazat\u0103 pe algoritmi de prelucrare \u0219i analiz\u0103 a imaginilor computer tomografice (CT), adaptarea \u0219i optimizarea acestora \u00een vederea m\u0103sur\u0103rii cantitative, \u00een timp real, a <strong>volumului<\/strong> \u0219i a altor m\u0103rimi ale unei forma\u021biuni tumorale din pl\u0103m\u00e2ni. Destinat\u0103 utiliz\u0103rii de c\u0103tre medici speciali\u0219ti \u00een radiologie \u0219i imagistic\u0103 medical\u0103, aplica\u021bia software poate fi folosit\u0103 ca <strong>instrument auxiliar \u0219i complementar de analiz\u0103<\/strong> \u0219i de extragere a unor tr\u0103s\u0103turi geometrice al\u0103turi de programele dedicate ale echipamentelor de imagistic\u0103 CT.<\/p>\n<p><strong>Obiectiv principal<\/strong> &#8211; Imbun\u0103t\u0103\u021birea calit\u0103\u021bii diagnosticului medical asistat prin: cre\u0219terea eficien\u021bei imagisticii CT; mic\u0219orarea timpului de lucru pentru determinarea volumului unei tumori \u0219i\/sau evolu\u021bia acesteia \u00een timp; cre\u0219terea preciziei m\u0103sur\u0103torilor de volum \u0219i eventual a altor m\u0103rimi cantitative ale unei tumori.<\/p>\n<p><strong>Obiective \u0219tiin\u021bifice<\/strong> &#8211; (a) eliminarea deficien\u021belor \u0219i limit\u0103rilor existente \u00een prezent \u00een sistemele similare; (b) \u00eembun\u0103t\u0103\u021birea sistemelor existente \u0219i, includerea de noi capabilit\u0103\u021bi prin abordarea \u00een ansamblu a procedeelor adaptate \u0219i optimizate de prelucrarea imaginilor CT, cu aten\u0163ia \u00eendreptat\u0103 pentru evaluarea tumorilor la pl\u0103m\u00e2ni; (d) optimizarea \u00een ansamblu a preciziei m\u0103sur\u0103torilor \u0219i a timpul necesar de lucru necesar al specialistului de imagistic\u0103 medical\u0103; (e) dezvoltarea unor metode de prelucrare care s\u0103 asigure reproductibilitate, programabilitate, robuste\u0163e, sensibilitate \u0219i selectivitate ridicat\u0103, dar \u00een acela\u015fi timp, imunitate mare la zgomot \u015fi la reducerea timpului de procesare;<\/p>\n<p><strong>Etapele proiectului: <\/strong>:<\/p>\n<ul>\n<li><a href=\"https:\/\/cloud.uoradea.ro\/index.php\/s\/YQC2J7w2aGjwAz7\"><font color=\"#0033CC\"><b>Raport Final<\/b><\/font><\/a>.<\/li>\n<li>Raport de Impact.<\/li>\n<\/ul>\n<p><!--more--><\/p>\n<p><strong>Echipa<\/strong>:<\/p>\n<p>Conf.dr. Oreste Straciuc<br \/>\nProf.dr.habil.ing. Alexandru Gacs\u00e1di<br \/>\nProf.dr.habil.ing. Cristian Grava<br \/>\nConf.dr.ing. Ioan Buciu<\/p>\n<p><strong>Parteneri: <\/strong><\/p>\n<p><b><a href=\"https:\/\/ieti.uoradea.ro\/ro\/departamente\/electronica-si-telecomunicatii\"> <img loading=\"lazy\" class=\"alignnone size-full wp-image-149\" src=\"http:\/\/prof.uoradea.ro\/ibuciu\/wp-content\/uploads\/sites\/19\/2018\/11\/UOradea.png\" alt=\"\" width=\"120\" height=\"120\" srcset=\"https:\/\/prof.uoradea.ro\/ibuciu\/wp-content\/uploads\/sites\/19\/2018\/11\/UOradea.png 300w, https:\/\/prof.uoradea.ro\/ibuciu\/wp-content\/uploads\/sites\/19\/2018\/11\/UOradea-150x150.png 150w, https:\/\/prof.uoradea.ro\/ibuciu\/wp-content\/uploads\/sites\/19\/2018\/11\/UOradea-100x100.png 100w\" sizes=\"(max-width: 120px) 100vw, 120px\" \/>\u00a0<\/a><\/b><b> <a href=\"http:\/\/www.telescan.ro\/index.html\"><img loading=\"lazy\" src=\"http:\/\/prof.uoradea.ro\/ibuciu\/wp-content\/uploads\/sites\/19\/2018\/11\/logo.png\" alt=\"\" width=\"205\" height=\"108\" class=\"alignnone size-full wp-image-146\" \/><\/a><\/b>  <b><a href=\"https:\/\/www.uefiscdi.ro\/\"><img loading=\"lazy\" class=\"alignnone size-full wp-image-154\" src=\"http:\/\/prof.uoradea.ro\/ibuciu\/wp-content\/uploads\/sites\/19\/2018\/11\/uefiscdi.png\" alt=\"\" width=\"156\" height=\"60\" \/> <\/a><\/b><\/p>\n","protected":false},"excerpt":{"rendered":"<p>SAMACT &#8211; Aplica\u021bie software pentru efectuarea automat\u0103 \u0219i adaptiv\u0103 a unor m\u0103sur\u0103tori \u0219i a evolu\u021biei \u00een timp a tumorilor din imagini CT PNCDI III &#8211; Programul 2 Subprogramul 2.1 \u2013 Cecuri de Inovare (CI-2017) Cod proiect: PN-III-P2-2.1-CI-2018-1389 Domeniu de \u00eencadrare: 5 S\u0103n\u0103tate Subdomeniu: 5.1 S\u0103n\u0103tate Perioada de derulare: 16\/07\/2018 &#8211; 28\/12\/2018 Contractor Beneficiar: Centru de &hellip; <\/p>\n<p class=\"link-more\"><a href=\"https:\/\/prof.uoradea.ro\/ibuciu\/samact\/\" class=\"more-link\">Continue reading<span class=\"screen-reader-text\"> &#8220;SAMACT&#8221;<\/span><\/a><\/p>\n","protected":false},"author":21,"featured_media":187,"parent":0,"menu_order":0,"comment_status":"closed","ping_status":"closed","template":"","meta":[],"_links":{"self":[{"href":"https:\/\/prof.uoradea.ro\/ibuciu\/wp-json\/wp\/v2\/pages\/127"}],"collection":[{"href":"https:\/\/prof.uoradea.ro\/ibuciu\/wp-json\/wp\/v2\/pages"}],"about":[{"href":"https:\/\/prof.uoradea.ro\/ibuciu\/wp-json\/wp\/v2\/types\/page"}],"author":[{"embeddable":true,"href":"https:\/\/prof.uoradea.ro\/ibuciu\/wp-json\/wp\/v2\/users\/21"}],"replies":[{"embeddable":true,"href":"https:\/\/prof.uoradea.ro\/ibuciu\/wp-json\/wp\/v2\/comments?post=127"}],"version-history":[{"count":59,"href":"https:\/\/prof.uoradea.ro\/ibuciu\/wp-json\/wp\/v2\/pages\/127\/revisions"}],"predecessor-version":[{"id":223,"href":"https:\/\/prof.uoradea.ro\/ibuciu\/wp-json\/wp\/v2\/pages\/127\/revisions\/223"}],"wp:featuredmedia":[{"embeddable":true,"href":"https:\/\/prof.uoradea.ro\/ibuciu\/wp-json\/wp\/v2\/media\/187"}],"wp:attachment":[{"href":"https:\/\/prof.uoradea.ro\/ibuciu\/wp-json\/wp\/v2\/media?parent=127"}],"curies":[{"name":"wp","href":"https:\/\/api.w.org\/{rel}","templated":true}]}}